{"id":167,"date":"2025-07-10T22:17:45","date_gmt":"2025-07-10T22:17:45","guid":{"rendered":"https:\/\/psvalentinarodriguez.cl\/?page_id=167"},"modified":"2025-07-18T14:14:21","modified_gmt":"2025-07-18T14:14:21","slug":"sobre-mi","status":"publish","type":"page","link":"https:\/\/psvalentinarodriguez.cl\/?page_id=167","title":{"rendered":"Sobre m\u00ed"},"content":{"rendered":"\t\t<div data-elementor-type=\"wp-page\" data-elementor-id=\"167\" class=\"elementor elementor-167\">\n\t\t\t\t<div class=\"elementor-element elementor-element-ee4aa1f e-flex e-con-boxed e-con e-parent\" data-id=\"ee4aa1f\" data-element_type=\"container\">\n\t\t\t\t\t<div class=\"e-con-inner\">\n\t\t\t\t<div class=\"elementor-element elementor-element-e347360 elementor-widget-divider--view-line elementor-widget elementor-widget-divider\" data-id=\"e347360\" data-element_type=\"widget\" data-widget_type=\"divider.default\">\n\t\t\t\t\t\t\t<div class=\"elementor-divider\">\n\t\t\t<span class=\"elementor-divider-separator\">\n\t\t\t\t\t\t<\/span>\n\t\t<\/div>\n\t\t\t\t\t\t<\/div>\n\t\t\t\t\t<\/div>\n\t\t\t\t<\/div>\n\t\t<div class=\"elementor-element elementor-element-d9be626 e-flex e-con-boxed e-con e-parent\" data-id=\"d9be626\" data-element_type=\"container\">\n\t\t\t\t\t<div class=\"e-con-inner\">\n\t\t\t\t<div class=\"elementor-element elementor-element-283f789 elementor-widget elementor-widget-spacer\" data-id=\"283f789\" data-element_type=\"widget\" data-widget_type=\"spacer.default\">\n\t\t\t\t\t\t\t<div class=\"elementor-spacer\">\n\t\t\t<div class=\"elementor-spacer-inner\"><\/div>\n\t\t<\/div>\n\t\t\t\t\t\t<\/div>\n\t\t\t\t\t<\/div>\n\t\t\t\t<\/div>\n\t\t<div class=\"elementor-element elementor-element-b70f9c4 e-flex e-con-boxed e-con e-parent\" data-id=\"b70f9c4\" data-element_type=\"container\">\n\t\t\t\t\t<div class=\"e-con-inner\">\n\t\t\t\t<div class=\"elementor-element elementor-element-456f08c elementor-widget elementor-widget-heading\" data-id=\"456f08c\" data-element_type=\"widget\" data-widget_type=\"heading.default\">\n\t\t\t\t\t<h2 class=\"elementor-heading-title elementor-size-default\">Sobre m\u00ed<\/h2>\t\t\t\t<\/div>\n\t\t\t\t\t<\/div>\n\t\t\t\t<\/div>\n\t\t<div class=\"elementor-element elementor-element-caa6d77 e-flex e-con-boxed e-con e-parent\" data-id=\"caa6d77\" data-element_type=\"container\">\n\t\t\t\t\t<div class=\"e-con-inner\">\n\t\t<div class=\"elementor-element elementor-element-50f92d5 e-con-full e-flex e-con e-child\" data-id=\"50f92d5\" data-element_type=\"container\">\n\t\t<div class=\"elementor-element elementor-element-f9a3f4c e-con-full e-flex e-con e-child\" data-id=\"f9a3f4c\" data-element_type=\"container\">\n\t\t\t\t<div class=\"elementor-element elementor-element-c3df4ed elementor-widget elementor-widget-text-editor\" data-id=\"c3df4ed\" data-element_type=\"widget\" data-widget_type=\"text-editor.default\">\n\t\t\t\t\t\t\t\t\t<p data-start=\"221\" data-end=\"626\"><span style=\"font-size: 1rem;\"><b>Hola!<\/b><\/span><\/p>\n<p data-start=\"221\" data-end=\"626\"><span style=\"font-size: 1rem;\">Soy <\/span><strong data-start=\"231\" data-end=\"260\" style=\"font-size: 1rem;\">Mar\u00eda Valentina Rodr\u00edguez<\/strong><span style=\"font-size: 1rem;\">, psic\u00f3loga cl\u00ednica titulada de la Universidad Andr\u00e9s Bello. Atiendo de manera <\/span><strong data-start=\"339\" data-end=\"365\" style=\"font-size: 1rem;\">presencial en Vitacura<\/strong><span style=\"font-size: 1rem;\"> y tambi\u00e9n en modalidad <\/span><strong data-start=\"389\" data-end=\"399\" style=\"font-size: 1rem;\">online<\/strong><span style=\"font-size: 1rem;\">, adapt\u00e1ndome a lo que cada paciente necesite. Mi trabajo se basa en el <\/span><strong data-start=\"471\" data-end=\"497\" style=\"font-size: 1rem;\">enfoque psicoanal\u00edtico<\/strong><span style=\"font-size: 1rem;\">, lo que me permite comprender con profundidad los procesos individuales, siempre respetando la <\/span><strong data-start=\"593\" data-end=\"625\" style=\"font-size: 1rem;\">singularidad de&nbsp;<\/strong><strong data-start=\"593\" data-end=\"625\" style=\"font-size: 1rem;\">cada persona<\/strong><span style=\"font-size: 1rem;\">.<\/span><\/p>\n<p><\/p>\n<p data-start=\"628\" data-end=\"947\">Creo en el poder del espacio terap\u00e9utico como un lugar de acompa\u00f1amiento, reflexi\u00f3n y transformaci\u00f3n. Si decides iniciar este camino, estar\u00e9 aqu\u00ed para guiarte con empat\u00eda, escucha y compromiso.<\/p>\n<p data-start=\"628\" data-end=\"947\"><em data-start=\"826\" data-end=\"944\">Y quiz\u00e1s, en alguna sesi\u00f3n, te encuentres con <b>Hulk<\/b>, <b>mi compa\u00f1ero de cuatro patas<\/b> que a veces me acompa\u00f1a en consulta<\/em> \ud83d\udc96<\/p>\t\t\t\t\t\t\t\t<\/div>\n\t\t\t\t<\/div>\n\t\t\t\t<\/div>\n\t\t<div class=\"elementor-element elementor-element-d05409d e-con-full e-flex e-con e-child\" data-id=\"d05409d\" data-element_type=\"container\">\n\t\t\t\t<div class=\"elementor-element elementor-element-678ddee elementor-widget__width-initial elementor-widget elementor-widget-image\" data-id=\"678ddee\" data-element_type=\"widget\" data-widget_type=\"image.default\">\n\t\t\t\t\t\t\t\t\t\t\t\t\t\t\t<img fetchpriority=\"high\" decoding=\"async\" width=\"706\" height=\"1024\" src=\"https:\/\/psvalentinarodriguez.cl\/wp-content\/uploads\/2025\/07\/hulk-706x1024.png\" class=\"attachment-large size-large wp-image-109\" alt=\"\" srcset=\"https:\/\/psvalentinarodriguez.cl\/wp-content\/uploads\/2025\/07\/hulk-706x1024.png 706w, https:\/\/psvalentinarodriguez.cl\/wp-content\/uploads\/2025\/07\/hulk-207x300.png 207w, https:\/\/psvalentinarodriguez.cl\/wp-content\/uploads\/2025\/07\/hulk-768x1114.png 768w, https:\/\/psvalentinarodriguez.cl\/wp-content\/uploads\/2025\/07\/hulk-1058x1536.png 1058w, https:\/\/psvalentinarodriguez.cl\/wp-content\/uploads\/2025\/07\/hulk.png 1166w\" sizes=\"(max-width: 706px) 100vw, 706px\" \/>\t\t\t\t\t\t\t\t\t\t\t\t\t\t\t<\/div>\n\t\t\t\t<\/div>\n\t\t\t\t\t<\/div>\n\t\t\t\t<\/div>\n\t\t<div class=\"elementor-element elementor-element-34c44e5 e-flex e-con-boxed e-con e-parent\" data-id=\"34c44e5\" data-element_type=\"container\">\n\t\t\t\t\t<div class=\"e-con-inner\">\n\t\t\t\t<div class=\"elementor-element elementor-element-f631777 elementor-widget elementor-widget-heading\" data-id=\"f631777\" data-element_type=\"widget\" data-widget_type=\"heading.default\">\n\t\t\t\t\t<h2 class=\"elementor-heading-title elementor-size-default\">Me especializo en<\/h2>\t\t\t\t<\/div>\n\t\t\t\t\t<\/div>\n\t\t\t\t<\/div>\n\t\t<div class=\"elementor-element elementor-element-b49e769 e-flex e-con-boxed e-con e-parent\" data-id=\"b49e769\" data-element_type=\"container\">\n\t\t\t\t\t<div class=\"e-con-inner\">\n\t\t\t\t<div class=\"elementor-element elementor-element-bab21df elementor-widget elementor-widget-spacer\" data-id=\"bab21df\" data-element_type=\"widget\" data-widget_type=\"spacer.default\">\n\t\t\t\t\t\t\t<div class=\"elementor-spacer\">\n\t\t\t<div class=\"elementor-spacer-inner\"><\/div>\n\t\t<\/div>\n\t\t\t\t\t\t<\/div>\n\t\t\t\t\t<\/div>\n\t\t\t\t<\/div>\n\t\t<div class=\"elementor-element elementor-element-d2422c7 e-flex e-con-boxed e-con e-parent\" data-id=\"d2422c7\" data-element_type=\"container\">\n\t\t\t\t\t<div class=\"e-con-inner\">\n\t\t\t\t<div class=\"elementor-element elementor-element-2d3a03c elementor-widget elementor-widget-image\" data-id=\"2d3a03c\" data-element_type=\"widget\" data-widget_type=\"image.default\">\n\t\t\t\t\t\t\t\t\t\t\t\t\t\t\t<img decoding=\"async\" width=\"2560\" height=\"1359\" src=\"https:\/\/psvalentinarodriguez.cl\/wp-content\/uploads\/2025\/07\/Especialidades-1-scaled.png\" class=\"attachment-full size-full wp-image-339\" alt=\"\" srcset=\"https:\/\/psvalentinarodriguez.cl\/wp-content\/uploads\/2025\/07\/Especialidades-1-scaled.png 2560w, https:\/\/psvalentinarodriguez.cl\/wp-content\/uploads\/2025\/07\/Especialidades-1-300x159.png 300w, https:\/\/psvalentinarodriguez.cl\/wp-content\/uploads\/2025\/07\/Especialidades-1-1024x544.png 1024w, https:\/\/psvalentinarodriguez.cl\/wp-content\/uploads\/2025\/07\/Especialidades-1-768x408.png 768w, https:\/\/psvalentinarodriguez.cl\/wp-content\/uploads\/2025\/07\/Especialidades-1-1536x816.png 1536w, https:\/\/psvalentinarodriguez.cl\/wp-content\/uploads\/2025\/07\/Especialidades-1-2048x1087.png 2048w\" sizes=\"(max-width: 2560px) 100vw, 2560px\" \/>\t\t\t\t\t\t\t\t\t\t\t\t\t\t\t<\/div>\n\t\t\t\t\t<\/div>\n\t\t\t\t<\/div>\n\t\t<div class=\"elementor-element elementor-element-812c706 e-flex e-con-boxed e-con e-parent\" data-id=\"812c706\" data-element_type=\"container\">\n\t\t\t\t\t<div class=\"e-con-inner\">\n\t\t\t\t<div class=\"elementor-element elementor-element-575fca8 elementor-widget elementor-widget-spacer\" data-id=\"575fca8\" data-element_type=\"widget\" data-widget_type=\"spacer.default\">\n\t\t\t\t\t\t\t<div class=\"elementor-spacer\">\n\t\t\t<div class=\"elementor-spacer-inner\"><\/div>\n\t\t<\/div>\n\t\t\t\t\t\t<\/div>\n\t\t\t\t\t<\/div>\n\t\t\t\t<\/div>\n\t\t<div class=\"elementor-element elementor-element-14cc09a e-flex e-con-boxed e-con e-parent\" data-id=\"14cc09a\" data-element_type=\"container\">\n\t\t\t\t\t<div class=\"e-con-inner\">\n\t\t\t\t<div class=\"elementor-element elementor-element-7ca7f5f elementor-widget elementor-widget-heading\" data-id=\"7ca7f5f\" data-element_type=\"widget\" data-widget_type=\"heading.default\">\n\t\t\t\t\t<h2 class=\"elementor-heading-title elementor-size-default\">Opiniones<\/h2>\t\t\t\t<\/div>\n\t\t\t\t\t<\/div>\n\t\t\t\t<\/div>\n\t\t<div class=\"elementor-element elementor-element-73710fd e-flex e-con-boxed e-con e-parent\" data-id=\"73710fd\" data-element_type=\"container\">\n\t\t\t\t\t<div class=\"e-con-inner\">\n\t\t<div class=\"elementor-element elementor-element-f1a910c e-con-full e-flex e-con e-child\" data-id=\"f1a910c\" data-element_type=\"container\">\n\t\t\t\t<div class=\"elementor-element elementor-element-9d494c3 elementor-arrows-position-outside elementor-pagination-position-outside elementor-widget elementor-widget-image-carousel\" data-id=\"9d494c3\" data-element_type=\"widget\" data-settings=\"{&quot;navigation&quot;:&quot;both&quot;,&quot;autoplay&quot;:&quot;yes&quot;,&quot;pause_on_hover&quot;:&quot;yes&quot;,&quot;pause_on_interaction&quot;:&quot;yes&quot;,&quot;autoplay_speed&quot;:5000,&quot;infinite&quot;:&quot;yes&quot;,&quot;speed&quot;:500}\" data-widget_type=\"image-carousel.default\">\n\t\t\t\t\t\t\t<div class=\"elementor-image-carousel-wrapper swiper\" role=\"region\" aria-roledescription=\"carousel\" aria-label=\"Carrusel de im\u00e1genes\" dir=\"ltr\">\n\t\t\t<div class=\"elementor-image-carousel swiper-wrapper\" aria-live=\"off\">\n\t\t\t\t\t\t\t\t<div class=\"swiper-slide\" role=\"group\" aria-roledescription=\"slide\" aria-label=\"1 de 9\"><figure class=\"swiper-slide-inner\"><img decoding=\"async\" class=\"swiper-slide-image\" src=\"https:\/\/psvalentinarodriguez.cl\/wp-content\/uploads\/2025\/07\/Captura-de-pantalla-2025-07-10-a-las-2.21.11\u202fp.m-768x241.png\" alt=\"Captura de pantalla 2025-07-10 a la(s) 2.21.11\u202fp.m.\" \/><\/figure><\/div><div class=\"swiper-slide\" role=\"group\" aria-roledescription=\"slide\" aria-label=\"2 de 9\"><figure class=\"swiper-slide-inner\"><img decoding=\"async\" class=\"swiper-slide-image\" src=\"https:\/\/psvalentinarodriguez.cl\/wp-content\/uploads\/2025\/07\/Captura-de-pantalla-2025-07-10-a-las-2.21.33\u202fp.m-768x241.png\" alt=\"Captura de pantalla 2025-07-10 a la(s) 2.21.33\u202fp.m.\" \/><\/figure><\/div><div class=\"swiper-slide\" role=\"group\" aria-roledescription=\"slide\" aria-label=\"3 de 9\"><figure class=\"swiper-slide-inner\"><img decoding=\"async\" class=\"swiper-slide-image\" src=\"https:\/\/psvalentinarodriguez.cl\/wp-content\/uploads\/2025\/07\/Captura-de-pantalla-2025-07-10-a-las-2.21.54\u202fp.m-768x241.png\" alt=\"Captura de pantalla 2025-07-10 a la(s) 2.21.54\u202fp.m.\" \/><\/figure><\/div><div class=\"swiper-slide\" role=\"group\" aria-roledescription=\"slide\" aria-label=\"4 de 9\"><figure class=\"swiper-slide-inner\"><img decoding=\"async\" class=\"swiper-slide-image\" src=\"https:\/\/psvalentinarodriguez.cl\/wp-content\/uploads\/2025\/07\/Captura-de-pantalla-2025-07-10-a-las-2.22.04\u202fp.m-768x241.png\" alt=\"Captura de pantalla 2025-07-10 a la(s) 2.22.04\u202fp.m.\" \/><\/figure><\/div><div class=\"swiper-slide\" role=\"group\" aria-roledescription=\"slide\" aria-label=\"5 de 9\"><figure class=\"swiper-slide-inner\"><img decoding=\"async\" class=\"swiper-slide-image\" src=\"https:\/\/psvalentinarodriguez.cl\/wp-content\/uploads\/2025\/07\/Captura-de-pantalla-2025-07-10-a-las-2.22.16\u202fp.m-768x302.png\" alt=\"Captura de pantalla 2025-07-10 a la(s) 2.22.16\u202fp.m.\" \/><\/figure><\/div><div class=\"swiper-slide\" role=\"group\" aria-roledescription=\"slide\" aria-label=\"6 de 9\"><figure class=\"swiper-slide-inner\"><img decoding=\"async\" class=\"swiper-slide-image\" src=\"https:\/\/psvalentinarodriguez.cl\/wp-content\/uploads\/2025\/07\/Captura-de-pantalla-2025-07-10-a-las-2.23.04\u202fp.m-768x189.png\" alt=\"Captura de pantalla 2025-07-10 a la(s) 2.23.04\u202fp.m.\" \/><\/figure><\/div><div class=\"swiper-slide\" role=\"group\" aria-roledescription=\"slide\" aria-label=\"7 de 9\"><figure class=\"swiper-slide-inner\"><img decoding=\"async\" class=\"swiper-slide-image\" src=\"https:\/\/psvalentinarodriguez.cl\/wp-content\/uploads\/2025\/07\/Captura-de-pantalla-2025-07-10-a-las-2.23.13\u202fp.m-768x189.png\" alt=\"Captura de pantalla 2025-07-10 a la(s) 2.23.13\u202fp.m.\" \/><\/figure><\/div><div class=\"swiper-slide\" role=\"group\" aria-roledescription=\"slide\" aria-label=\"8 de 9\"><figure class=\"swiper-slide-inner\"><img decoding=\"async\" class=\"swiper-slide-image\" src=\"https:\/\/psvalentinarodriguez.cl\/wp-content\/uploads\/2025\/07\/Captura-de-pantalla-2025-07-10-a-las-2.23.22\u202fp.m-768x251.png\" alt=\"Captura de pantalla 2025-07-10 a la(s) 2.23.22\u202fp.m.\" \/><\/figure><\/div><div class=\"swiper-slide\" role=\"group\" aria-roledescription=\"slide\" aria-label=\"9 de 9\"><figure class=\"swiper-slide-inner\"><img decoding=\"async\" class=\"swiper-slide-image\" src=\"https:\/\/psvalentinarodriguez.cl\/wp-content\/uploads\/2025\/07\/Captura-de-pantalla-2025-07-10-a-las-2.23.33\u202fp.m-768x185.png\" alt=\"Captura de pantalla 2025-07-10 a la(s) 2.23.33\u202fp.m.\" \/><\/figure><\/div>\t\t\t<\/div>\n\t\t\t\t\t\t\t\t\t\t\t\t<div class=\"elementor-swiper-button elementor-swiper-button-prev\" role=\"button\" tabindex=\"0\">\n\t\t\t\t\t\t<svg aria-hidden=\"true\" class=\"e-font-icon-svg e-eicon-chevron-left\" viewBox=\"0 0 1000 1000\" xmlns=\"http:\/\/www.w3.org\/2000\/svg\"><path d=\"M646 125C629 125 613 133 604 142L308 442C296 454 292 471 292 487 292 504 296 521 308 533L604 854C617 867 629 875 646 875 663 875 679 871 692 858 704 846 713 829 713 812 713 796 708 779 692 767L438 487 692 225C700 217 708 204 708 187 708 171 704 154 692 142 675 129 663 125 646 125Z\"><\/path><\/svg>\t\t\t\t\t<\/div>\n\t\t\t\t\t<div class=\"elementor-swiper-button elementor-swiper-button-next\" role=\"button\" tabindex=\"0\">\n\t\t\t\t\t\t<svg aria-hidden=\"true\" class=\"e-font-icon-svg e-eicon-chevron-right\" viewBox=\"0 0 1000 1000\" xmlns=\"http:\/\/www.w3.org\/2000\/svg\"><path d=\"M696 533C708 521 713 504 713 487 713 471 708 454 696 446L400 146C388 133 375 125 354 125 338 125 325 129 313 142 300 154 292 171 292 187 292 204 296 221 308 233L563 492 304 771C292 783 288 800 288 817 288 833 296 850 308 863 321 871 338 875 354 875 371 875 388 867 400 854L696 533Z\"><\/path><\/svg>\t\t\t\t\t<\/div>\n\t\t\t\t\n\t\t\t\t\t\t\t\t\t<div class=\"swiper-pagination\"><\/div>\n\t\t\t\t\t\t\t\t\t<\/div>\n\t\t\t\t\t\t<\/div>\n\t\t\t\t<\/div>\n\t\t\t\t\t<\/div>\n\t\t\t\t<\/div>\n\t\t<div class=\"elementor-element elementor-element-aabedb8 e-flex e-con-boxed e-con e-parent\" data-id=\"aabedb8\" data-element_type=\"container\">\n\t\t\t\t\t<div class=\"e-con-inner\">\n\t\t\t\t<div class=\"elementor-element elementor-element-054703c elementor-widget elementor-widget-spacer\" data-id=\"054703c\" data-element_type=\"widget\" data-widget_type=\"spacer.default\">\n\t\t\t\t\t\t\t<div class=\"elementor-spacer\">\n\t\t\t<div class=\"elementor-spacer-inner\"><\/div>\n\t\t<\/div>\n\t\t\t\t\t\t<\/div>\n\t\t\t\t\t<\/div>\n\t\t\t\t<\/div>\n\t\t<div class=\"elementor-element elementor-element-6394de5 e-flex e-con-boxed e-con e-parent\" data-id=\"6394de5\" data-element_type=\"container\">\n\t\t\t\t\t<div class=\"e-con-inner\">\n\t\t\t\t<div class=\"elementor-element elementor-element-13002be elementor-widget-divider--view-line elementor-widget elementor-widget-divider\" data-id=\"13002be\" data-element_type=\"widget\" data-widget_type=\"divider.default\">\n\t\t\t\t\t\t\t<div class=\"elementor-divider\">\n\t\t\t<span class=\"elementor-divider-separator\">\n\t\t\t\t\t\t<\/span>\n\t\t<\/div>\n\t\t\t\t\t\t<\/div>\n\t\t\t\t\t<\/div>\n\t\t\t\t<\/div>\n\t\t<div class=\"elementor-element elementor-element-9664280 e-flex e-con-boxed e-con e-parent\" data-id=\"9664280\" data-element_type=\"container\">\n\t\t\t\t\t<div class=\"e-con-inner\">\n\t\t\t\t<div class=\"elementor-element elementor-element-4f70a5e elementor-widget elementor-widget-spacer\" data-id=\"4f70a5e\" data-element_type=\"widget\" data-widget_type=\"spacer.default\">\n\t\t\t\t\t\t\t<div class=\"elementor-spacer\">\n\t\t\t<div class=\"elementor-spacer-inner\"><\/div>\n\t\t<\/div>\n\t\t\t\t\t\t<\/div>\n\t\t\t\t\t<\/div>\n\t\t\t\t<\/div>\n\t\t<div class=\"elementor-element elementor-element-53b2a66 e-flex e-con-boxed e-con e-parent\" data-id=\"53b2a66\" data-element_type=\"container\">\n\t\t\t\t\t<div class=\"e-con-inner\">\n\t\t\t\t<div class=\"elementor-element elementor-element-db153f7 elementor-widget-mobile__width-initial elementor-widget elementor-widget-image\" data-id=\"db153f7\" data-element_type=\"widget\" data-widget_type=\"image.default\">\n\t\t\t\t\t\t\t\t\t\t\t\t\t\t\t<img decoding=\"async\" width=\"706\" height=\"1024\" src=\"https:\/\/psvalentinarodriguez.cl\/wp-content\/uploads\/2025\/07\/Valentina-706x1024.png\" class=\"attachment-large size-large wp-image-32\" alt=\"\" srcset=\"https:\/\/psvalentinarodriguez.cl\/wp-content\/uploads\/2025\/07\/Valentina-706x1024.png 706w, https:\/\/psvalentinarodriguez.cl\/wp-content\/uploads\/2025\/07\/Valentina-207x300.png 207w, https:\/\/psvalentinarodriguez.cl\/wp-content\/uploads\/2025\/07\/Valentina-768x1114.png 768w, https:\/\/psvalentinarodriguez.cl\/wp-content\/uploads\/2025\/07\/Valentina-1058x1536.png 1058w, https:\/\/psvalentinarodriguez.cl\/wp-content\/uploads\/2025\/07\/Valentina.png 1166w\" sizes=\"(max-width: 706px) 100vw, 706px\" \/>\t\t\t\t\t\t\t\t\t\t\t\t\t\t\t<\/div>\n\t\t\t\t\t<\/div>\n\t\t\t\t<\/div>\n\t\t<div class=\"elementor-element elementor-element-83b9a0d e-flex e-con-boxed e-con e-parent\" data-id=\"83b9a0d\" data-element_type=\"container\">\n\t\t\t\t\t<div class=\"e-con-inner\">\n\t\t\t\t<div class=\"elementor-element elementor-element-f1cd3ce elementor-widget elementor-widget-heading\" data-id=\"f1cd3ce\" data-element_type=\"widget\" data-widget_type=\"heading.default\">\n\t\t\t\t\t<h2 class=\"elementor-heading-title elementor-size-default\">Tu espacio, tu tiempo,<br><i>tu proceso. <\/i><\/h2>\t\t\t\t<\/div>\n\t\t\t\t\t<\/div>\n\t\t\t\t<\/div>\n\t\t<div class=\"elementor-element elementor-element-2abeb7b e-flex e-con-boxed e-con e-parent\" data-id=\"2abeb7b\" data-element_type=\"container\">\n\t\t\t\t\t<div class=\"e-con-inner\">\n\t\t\t\t<div class=\"elementor-element elementor-element-6f32ed1 elementor-widget elementor-widget-spacer\" data-id=\"6f32ed1\" data-element_type=\"widget\" data-widget_type=\"spacer.default\">\n\t\t\t\t\t\t\t<div class=\"elementor-spacer\">\n\t\t\t<div class=\"elementor-spacer-inner\"><\/div>\n\t\t<\/div>\n\t\t\t\t\t\t<\/div>\n\t\t\t\t\t<\/div>\n\t\t\t\t<\/div>\n\t\t<div class=\"elementor-element elementor-element-9f7e827 e-flex e-con-boxed e-con e-parent\" data-id=\"9f7e827\" data-element_type=\"container\">\n\t\t\t\t\t<div class=\"e-con-inner\">\n\t\t\t\t<div class=\"elementor-element elementor-element-3fd7703 elementor-align-center elementor-widget elementor-widget-button\" data-id=\"3fd7703\" data-element_type=\"widget\" data-widget_type=\"button.default\">\n\t\t\t\t\t\t\t\t\t\t<a class=\"elementor-button elementor-button-link elementor-size-sm\" href=\"https:\/\/wa.me\/56977905515\">\n\t\t\t\t\t\t<span class=\"elementor-button-content-wrapper\">\n\t\t\t\t\t\t\t\t\t<span class=\"elementor-button-text\">Agenda tu sesi\u00f3n<\/span>\n\t\t\t\t\t<\/span>\n\t\t\t\t\t<\/a>\n\t\t\t\t\t\t\t\t<\/div>\n\t\t\t\t\t<\/div>\n\t\t\t\t<\/div>\n\t\t<div class=\"elementor-element elementor-element-522679a e-flex e-con-boxed e-con e-parent\" data-id=\"522679a\" data-element_type=\"container\">\n\t\t\t\t\t<div class=\"e-con-inner\">\n\t\t\t\t<div class=\"elementor-element elementor-element-5fdfb48 elementor-widget elementor-widget-spacer\" data-id=\"5fdfb48\" data-element_type=\"widget\" data-widget_type=\"spacer.default\">\n\t\t\t\t\t\t\t<div class=\"elementor-spacer\">\n\t\t\t<div class=\"elementor-spacer-inner\"><\/div>\n\t\t<\/div>\n\t\t\t\t\t\t<\/div>\n\t\t\t\t\t<\/div>\n\t\t\t\t<\/div>\n\t\t<div class=\"elementor-element elementor-element-e3b7e9e e-flex e-con-boxed e-con e-parent\" data-id=\"e3b7e9e\" data-element_type=\"container\">\n\t\t\t\t\t<div class=\"e-con-inner\">\n\t\t\t\t<div class=\"elementor-element elementor-element-1a4e859 elementor-widget-divider--view-line elementor-widget elementor-widget-divider\" data-id=\"1a4e859\" data-element_type=\"widget\" data-widget_type=\"divider.default\">\n\t\t\t\t\t\t\t<div class=\"elementor-divider\">\n\t\t\t<span class=\"elementor-divider-separator\">\n\t\t\t\t\t\t<\/span>\n\t\t<\/div>\n\t\t\t\t\t\t<\/div>\n\t\t\t\t\t<\/div>\n\t\t\t\t<\/div>\n\t\t<div class=\"elementor-element elementor-element-67d144e e-flex e-con-boxed e-con e-parent\" data-id=\"67d144e\" data-element_type=\"container\">\n\t\t\t\t\t<div class=\"e-con-inner\">\n\t\t<div class=\"elementor-element elementor-element-3d12625 e-con-full e-flex e-con e-child\" data-id=\"3d12625\" data-element_type=\"container\">\n\t\t\t\t<div class=\"elementor-element elementor-element-2e0e96e elementor-widget elementor-widget-heading\" data-id=\"2e0e96e\" data-element_type=\"widget\" data-widget_type=\"heading.default\">\n\t\t\t\t\t<h2 class=\"elementor-heading-title elementor-size-default\"><a href=\"https:\/\/wa.me\/56977905515\">Contacto<\/a><\/h2>\t\t\t\t<\/div>\n\t\t\t\t<\/div>\n\t\t<div class=\"elementor-element elementor-element-e5dee1e e-con-full e-flex e-con e-child\" data-id=\"e5dee1e\" data-element_type=\"container\">\n\t\t\t\t<div class=\"elementor-element elementor-element-e224fa5 elementor-widget elementor-widget-text-editor\" data-id=\"e224fa5\" data-element_type=\"widget\" data-widget_type=\"text-editor.default\">\n\t\t\t\t\t\t\t\t\t<p><a href=\"https:\/\/wa.me\/56977905515\">Cel: +56 9 7790 5515<\/a><\/p><p><a href=\"https:\/\/www.instagram.com\/ps.valerodriguez?utm_source=ig_web_button_share_sheet&amp;igsh=MTN5NjlyeHZyM2pobg==\">Instagram: @ps.valerodriguez<\/a><\/p><p><a href=\"https:\/\/mail.google.com\/mail\/?view=cm&amp;to=valentina.mvr@gmail.com\">Correo: valentina.mvr@gmail.com<\/a><\/p><p><a href=\"https:\/\/maps.app.goo.gl\/18nC1pjdecPCrWrW8?g_st=ipc\">Av. Tabancura 1091, Vitacura.<\/a><\/p>\t\t\t\t\t\t\t\t<\/div>\n\t\t\t\t<\/div>\n\t\t\t\t\t<\/div>\n\t\t\t\t<\/div>\n\t\t\t\t<\/div>\n\t\t","protected":false},"excerpt":{"rendered":"<p>Sobre m\u00ed Hola! Soy Mar\u00eda Valentina Rodr\u00edguez, psic\u00f3loga cl\u00ednica titulada de la Universidad Andr\u00e9s Bello. Atiendo de manera presencial en Vitacura y tambi\u00e9n en modalidad online, adapt\u00e1ndome a lo que cada paciente necesite. Mi trabajo se basa en el enfoque psicoanal\u00edtico, lo que me permite comprender con profundidad los procesos individuales, siempre respetando la singularidad [&hellip;]<\/p>\n","protected":false},"author":1,"featured_media":0,"parent":0,"menu_order":0,"comment_status":"closed","ping_status":"closed","template":"elementor_canvas","meta":{"footnotes":""},"class_list":["post-167","page","type-page","status-publish","hentry"],"_links":{"self":[{"href":"https:\/\/psvalentinarodriguez.cl\/index.php?rest_route=\/wp\/v2\/pages\/167","targetHints":{"allow":["GET"]}}],"collection":[{"href":"https:\/\/psvalentinarodriguez.cl\/index.php?rest_route=\/wp\/v2\/pages"}],"about":[{"href":"https:\/\/psvalentinarodriguez.cl\/index.php?rest_route=\/wp\/v2\/types\/page"}],"author":[{"embeddable":true,"href":"https:\/\/psvalentinarodriguez.cl\/index.php?rest_route=\/wp\/v2\/users\/1"}],"replies":[{"embeddable":true,"href":"https:\/\/psvalentinarodriguez.cl\/index.php?rest_route=%2Fwp%2Fv2%2Fcomments&post=167"}],"version-history":[{"count":28,"href":"https:\/\/psvalentinarodriguez.cl\/index.php?rest_route=\/wp\/v2\/pages\/167\/revisions"}],"predecessor-version":[{"id":364,"href":"https:\/\/psvalentinarodriguez.cl\/index.php?rest_route=\/wp\/v2\/pages\/167\/revisions\/364"}],"wp:attachment":[{"href":"https:\/\/psvalentinarodriguez.cl\/index.php?rest_route=%2Fwp%2Fv2%2Fmedia&parent=167"}],"curies":[{"name":"wp","href":"https:\/\/api.w.org\/{rel}","templated":true}]}}